{"id":123,"date":"2024-04-10T21:11:20","date_gmt":"2024-04-10T19:11:20","guid":{"rendered":"https:\/\/lesptitesbricolesdesophos.fr\/?page_id=123"},"modified":"2024-04-10T22:04:47","modified_gmt":"2024-04-10T20:04:47","slug":"fonctionnement","status":"publish","type":"page","link":"https:\/\/lesptitesbricolesdesophos.fr\/index.php\/fonctionnement\/","title":{"rendered":"Fonctionnement"},"content":{"rendered":"\n<p>Le principe est particulier &#8230; je ne fabriquerais pas d&rsquo;avance (ou rarement !) des objets.<\/p>\n\n\n\n<p>En fait, ce sera vos demandes qui d\u00e9termineront mes fabrications.<\/p>\n\n\n\n<p>Nos \u00e9changes seront fait sur une demande, de tel et tel objet, avec des indices comme \u2026 un th\u00e8me (Lapin, Harry Potter, Afrique, nature \u2026.) ou bien une couleur (vert, rose, ou bien brique et curry (une fois\u00a0\ud83d\ude09 ) et je ferais autour de \u00e7a par exemple\u00a0!<\/p>\n\n\n\n<p>Bien sur, si vous d\u00e9sirez quelque chose de pr\u00e9cis, vous pouvez aussi demander ! Je ferais comme je peux \ud83d\ude09<\/p>\n\n\n\n<p>Par exemple, je vais essayer de faire une sir\u00e8ne, juste avec un dessin ! C&rsquo;est un d\u00e9fi &#8230; \u00e0 suivre !!!<\/p>\n\n\n\n<p class=\"has-white-color has-text-color has-link-color wp-elements-7c1b26e4fc28feeba2173121223d9b43\">A vous de trouver ce que vous recherchez dans mes albums &#8230; vous y trouverez l&rsquo;inspiration \u00e9galement !<\/p>\n","protected":false},"excerpt":{"rendered":"<p>Le principe est particulier &#8230; je ne fabriquerais pas d&rsquo;avance (ou rarement !) des objets. En fait, ce sera vos demandes qui d\u00e9termineront mes fabrications. Nos \u00e9changes seront fait sur une demande, de tel et tel objet, avec des indices comme \u2026 un th\u00e8me (Lapin, Harry Potter, Afrique, nature \u2026.) ou bien une couleur (vert, &hellip; <\/p>\n","protected":false},"author":1,"featured_media":0,"parent":0,"menu_order":0,"comment_status":"closed","ping_status":"closed","template":"","meta":{"jetpack_post_was_ever_published":false,"footnotes":""},"class_list":["post-123","page","type-page","status-publish","hentry"],"aioseo_notices":[],"jetpack_sharing_enabled":true,"_links":{"self":[{"href":"https:\/\/lesptitesbricolesdesophos.fr\/index.php\/wp-json\/wp\/v2\/pages\/123","targetHints":{"allow":["GET"]}}],"collection":[{"href":"https:\/\/lesptitesbricolesdesophos.fr\/index.php\/wp-json\/wp\/v2\/pages"}],"about":[{"href":"https:\/\/lesptitesbricolesdesophos.fr\/index.php\/wp-json\/wp\/v2\/types\/page"}],"author":[{"embeddable":true,"href":"https:\/\/lesptitesbricolesdesophos.fr\/index.php\/wp-json\/wp\/v2\/users\/1"}],"replies":[{"embeddable":true,"href":"https:\/\/lesptitesbricolesdesophos.fr\/index.php\/wp-json\/wp\/v2\/comments?post=123"}],"version-history":[{"count":3,"href":"https:\/\/lesptitesbricolesdesophos.fr\/index.php\/wp-json\/wp\/v2\/pages\/123\/revisions"}],"predecessor-version":[{"id":157,"href":"https:\/\/lesptitesbricolesdesophos.fr\/index.php\/wp-json\/wp\/v2\/pages\/123\/revisions\/157"}],"wp:attachment":[{"href":"https:\/\/lesptitesbricolesdesophos.fr\/index.php\/wp-json\/wp\/v2\/media?parent=123"}],"curies":[{"name":"wp","href":"https:\/\/api.w.org\/{rel}","templated":true}]}}