{"id":241,"date":"2024-04-11T20:43:36","date_gmt":"2024-04-11T18:43:36","guid":{"rendered":"https:\/\/lesptitesbricolesdesophos.fr\/?page_id=241"},"modified":"2024-11-02T10:17:09","modified_gmt":"2024-11-02T09:17:09","slug":"tableaux-de-naissance","status":"publish","type":"page","link":"https:\/\/lesptitesbricolesdesophos.fr\/index.php\/mes-fabrications\/tableaux-de-naissance\/","title":{"rendered":"Tableaux de naissance"},"content":{"rendered":"\n<figure class=\"wp-block-gallery has-nested-images columns-default is-cropped wp-block-gallery-1 is-layout-flex wp-block-gallery-is-layout-flex\">\n<figure class=\"wp-block-image size-large\"><img data-recalc-dims=\"1\" loading=\"lazy\" decoding=\"async\" width=\"425\" height=\"479\" data-id=\"731\" src=\"https:\/\/i0.wp.com\/lesptitesbricolesdesophos.fr\/wp-content\/uploads\/2024\/11\/2024-Novembre-ensemble-pour-Aurele-6.jpg?resize=425%2C479&#038;ssl=1\" alt=\"\" class=\"wp-image-731\" srcset=\"https:\/\/i0.wp.com\/lesptitesbricolesdesophos.fr\/wp-content\/uploads\/2024\/11\/2024-Novembre-ensemble-pour-Aurele-6.jpg?w=425&amp;ssl=1 425w, https:\/\/i0.wp.com\/lesptitesbricolesdesophos.fr\/wp-content\/uploads\/2024\/11\/2024-Novembre-ensemble-pour-Aurele-6.jpg?resize=266%2C300&amp;ssl=1 266w, https:\/\/i0.wp.com\/lesptitesbricolesdesophos.fr\/wp-content\/uploads\/2024\/11\/2024-Novembre-ensemble-pour-Aurele-6.jpg?resize=53%2C60&amp;ssl=1 53w\" sizes=\"auto, (max-width: 425px) 100vw, 425px\" \/><figcaption class=\"wp-element-caption\">2024 &#8211; Tableau de naissance pour Aur\u00e8le<\/figcaption><\/figure>\n\n\n\n<figure class=\"wp-block-image size-large\"><img data-recalc-dims=\"1\" loading=\"lazy\" decoding=\"async\" width=\"768\" height=\"1024\" data-id=\"585\" src=\"https:\/\/i0.wp.com\/lesptitesbricolesdesophos.fr\/wp-content\/uploads\/2024\/04\/DSCN7638-768x1024.jpg?resize=768%2C1024&#038;ssl=1\" alt=\"\" class=\"wp-image-585\" srcset=\"https:\/\/i0.wp.com\/lesptitesbricolesdesophos.fr\/wp-content\/uploads\/2024\/04\/DSCN7638-scaled.jpg?resize=768%2C1024&amp;ssl=1 768w, https:\/\/i0.wp.com\/lesptitesbricolesdesophos.fr\/wp-content\/uploads\/2024\/04\/DSCN7638-scaled.jpg?resize=225%2C300&amp;ssl=1 225w, https:\/\/i0.wp.com\/lesptitesbricolesdesophos.fr\/wp-content\/uploads\/2024\/04\/DSCN7638-scaled.jpg?resize=1152%2C1536&amp;ssl=1 1152w, https:\/\/i0.wp.com\/lesptitesbricolesdesophos.fr\/wp-content\/uploads\/2024\/04\/DSCN7638-scaled.jpg?resize=1536%2C2048&amp;ssl=1 1536w, https:\/\/i0.wp.com\/lesptitesbricolesdesophos.fr\/wp-content\/uploads\/2024\/04\/DSCN7638-scaled.jpg?resize=45%2C60&amp;ssl=1 45w, https:\/\/i0.wp.com\/lesptitesbricolesdesophos.fr\/wp-content\/uploads\/2024\/04\/DSCN7638-scaled.jpg?w=1920&amp;ssl=1 1920w\" sizes=\"auto, (max-width: 768px) 100vw, 768px\" \/><figcaption class=\"wp-element-caption\">2021 &#8211; Tableau de naissance pour Isya, avec un peu de retard !!<\/figcaption><\/figure>\n\n\n\n<figure class=\"wp-block-image size-large\"><img data-recalc-dims=\"1\" loading=\"lazy\" decoding=\"async\" width=\"1020\" height=\"765\" data-id=\"584\" src=\"https:\/\/i0.wp.com\/lesptitesbricolesdesophos.fr\/wp-content\/uploads\/2024\/04\/DSCN8908-1024x768.jpg?resize=1020%2C765&#038;ssl=1\" alt=\"\" class=\"wp-image-584\" srcset=\"https:\/\/i0.wp.com\/lesptitesbricolesdesophos.fr\/wp-content\/uploads\/2024\/04\/DSCN8908-scaled.jpg?resize=1024%2C768&amp;ssl=1 1024w, https:\/\/i0.wp.com\/lesptitesbricolesdesophos.fr\/wp-content\/uploads\/2024\/04\/DSCN8908-scaled.jpg?resize=300%2C225&amp;ssl=1 300w, https:\/\/i0.wp.com\/lesptitesbricolesdesophos.fr\/wp-content\/uploads\/2024\/04\/DSCN8908-scaled.jpg?resize=768%2C576&amp;ssl=1 768w, https:\/\/i0.wp.com\/lesptitesbricolesdesophos.fr\/wp-content\/uploads\/2024\/04\/DSCN8908-scaled.jpg?resize=1536%2C1152&amp;ssl=1 1536w, https:\/\/i0.wp.com\/lesptitesbricolesdesophos.fr\/wp-content\/uploads\/2024\/04\/DSCN8908-scaled.jpg?resize=2048%2C1536&amp;ssl=1 2048w, https:\/\/i0.wp.com\/lesptitesbricolesdesophos.fr\/wp-content\/uploads\/2024\/04\/DSCN8908-scaled.jpg?resize=80%2C60&amp;ssl=1 80w\" sizes=\"auto, (max-width: 1020px) 100vw, 1020px\" \/><figcaption class=\"wp-element-caption\">2021 &#8211; Tableau de naissance pour Yasiris<\/figcaption><\/figure>\n\n\n\n<figure class=\"wp-block-image size-large is-style-default\"><img data-recalc-dims=\"1\" loading=\"lazy\" decoding=\"async\" width=\"766\" height=\"1024\" data-id=\"242\" src=\"https:\/\/i0.wp.com\/lesptitesbricolesdesophos.fr\/wp-content\/uploads\/2024\/04\/IMG_20220123_182345-766x1024.jpg?resize=766%2C1024&#038;ssl=1\" alt=\"Pour Sacha, 2021\" class=\"wp-image-242\" srcset=\"https:\/\/i0.wp.com\/lesptitesbricolesdesophos.fr\/wp-content\/uploads\/2024\/04\/IMG_20220123_182345-scaled.jpg?resize=766%2C1024&amp;ssl=1 766w, https:\/\/i0.wp.com\/lesptitesbricolesdesophos.fr\/wp-content\/uploads\/2024\/04\/IMG_20220123_182345-scaled.jpg?resize=224%2C300&amp;ssl=1 224w, https:\/\/i0.wp.com\/lesptitesbricolesdesophos.fr\/wp-content\/uploads\/2024\/04\/IMG_20220123_182345-scaled.jpg?resize=768%2C1026&amp;ssl=1 768w, https:\/\/i0.wp.com\/lesptitesbricolesdesophos.fr\/wp-content\/uploads\/2024\/04\/IMG_20220123_182345-scaled.jpg?resize=1149%2C1536&amp;ssl=1 1149w, https:\/\/i0.wp.com\/lesptitesbricolesdesophos.fr\/wp-content\/uploads\/2024\/04\/IMG_20220123_182345-scaled.jpg?resize=1532%2C2048&amp;ssl=1 1532w, https:\/\/i0.wp.com\/lesptitesbricolesdesophos.fr\/wp-content\/uploads\/2024\/04\/IMG_20220123_182345-scaled.jpg?resize=1140%2C1524&amp;ssl=1 1140w, https:\/\/i0.wp.com\/lesptitesbricolesdesophos.fr\/wp-content\/uploads\/2024\/04\/IMG_20220123_182345-scaled.jpg?w=1916&amp;ssl=1 1916w\" sizes=\"auto, (max-width: 766px) 100vw, 766px\" \/><\/figure>\n\n\n\n<figure class=\"wp-block-image size-large\"><img data-recalc-dims=\"1\" loading=\"lazy\" decoding=\"async\" width=\"768\" height=\"1024\" data-id=\"248\" src=\"https:\/\/i0.wp.com\/lesptitesbricolesdesophos.fr\/wp-content\/uploads\/2024\/04\/IMG_20191229_112729-768x1024.jpg?resize=768%2C1024&#038;ssl=1\" alt=\"Pour Alix, 2019\" class=\"wp-image-248\" srcset=\"https:\/\/i0.wp.com\/lesptitesbricolesdesophos.fr\/wp-content\/uploads\/2024\/04\/IMG_20191229_112729-scaled.jpg?resize=768%2C1024&amp;ssl=1 768w, https:\/\/i0.wp.com\/lesptitesbricolesdesophos.fr\/wp-content\/uploads\/2024\/04\/IMG_20191229_112729-scaled.jpg?resize=225%2C300&amp;ssl=1 225w, https:\/\/i0.wp.com\/lesptitesbricolesdesophos.fr\/wp-content\/uploads\/2024\/04\/IMG_20191229_112729-scaled.jpg?resize=1152%2C1536&amp;ssl=1 1152w, https:\/\/i0.wp.com\/lesptitesbricolesdesophos.fr\/wp-content\/uploads\/2024\/04\/IMG_20191229_112729-scaled.jpg?resize=1536%2C2048&amp;ssl=1 1536w, https:\/\/i0.wp.com\/lesptitesbricolesdesophos.fr\/wp-content\/uploads\/2024\/04\/IMG_20191229_112729-scaled.jpg?resize=1140%2C1520&amp;ssl=1 1140w, https:\/\/i0.wp.com\/lesptitesbricolesdesophos.fr\/wp-content\/uploads\/2024\/04\/IMG_20191229_112729-scaled.jpg?w=1920&amp;ssl=1 1920w\" sizes=\"auto, (max-width: 768px) 100vw, 768px\" \/><\/figure>\n\n\n\n<figure class=\"wp-block-image size-large\"><img data-recalc-dims=\"1\" loading=\"lazy\" decoding=\"async\" width=\"768\" height=\"1024\" data-id=\"245\" src=\"https:\/\/i0.wp.com\/lesptitesbricolesdesophos.fr\/wp-content\/uploads\/2024\/04\/DSC00218-768x1024.jpg?resize=768%2C1024&#038;ssl=1\" alt=\"Pour Antoine, 2004\" class=\"wp-image-245\" srcset=\"https:\/\/i0.wp.com\/lesptitesbricolesdesophos.fr\/wp-content\/uploads\/2024\/04\/DSC00218.jpg?resize=768%2C1024&amp;ssl=1 768w, https:\/\/i0.wp.com\/lesptitesbricolesdesophos.fr\/wp-content\/uploads\/2024\/04\/DSC00218.jpg?resize=225%2C300&amp;ssl=1 225w, https:\/\/i0.wp.com\/lesptitesbricolesdesophos.fr\/wp-content\/uploads\/2024\/04\/DSC00218.jpg?resize=1152%2C1536&amp;ssl=1 1152w, https:\/\/i0.wp.com\/lesptitesbricolesdesophos.fr\/wp-content\/uploads\/2024\/04\/DSC00218.jpg?resize=1140%2C1520&amp;ssl=1 1140w, https:\/\/i0.wp.com\/lesptitesbricolesdesophos.fr\/wp-content\/uploads\/2024\/04\/DSC00218.jpg?w=1224&amp;ssl=1 1224w\" sizes=\"auto, (max-width: 768px) 100vw, 768px\" \/><\/figure>\n\n\n\n<figure class=\"wp-block-image size-large is-style-default\"><img data-recalc-dims=\"1\" loading=\"lazy\" decoding=\"async\" width=\"1020\" height=\"765\" data-id=\"246\" src=\"https:\/\/i0.wp.com\/lesptitesbricolesdesophos.fr\/wp-content\/uploads\/2024\/04\/DSC00115-1024x768.jpg?resize=1020%2C765&#038;ssl=1\" alt=\"Pour Le b\u00e9b\u00e9 Thibault et son grand fr\u00e8re Cl\u00e9ment\" class=\"wp-image-246\" srcset=\"https:\/\/i0.wp.com\/lesptitesbricolesdesophos.fr\/wp-content\/uploads\/2024\/04\/DSC00115.jpg?resize=1024%2C768&amp;ssl=1 1024w, https:\/\/i0.wp.com\/lesptitesbricolesdesophos.fr\/wp-content\/uploads\/2024\/04\/DSC00115.jpg?resize=300%2C225&amp;ssl=1 300w, https:\/\/i0.wp.com\/lesptitesbricolesdesophos.fr\/wp-content\/uploads\/2024\/04\/DSC00115.jpg?resize=768%2C576&amp;ssl=1 768w, https:\/\/i0.wp.com\/lesptitesbricolesdesophos.fr\/wp-content\/uploads\/2024\/04\/DSC00115.jpg?resize=1536%2C1152&amp;ssl=1 1536w, https:\/\/i0.wp.com\/lesptitesbricolesdesophos.fr\/wp-content\/uploads\/2024\/04\/DSC00115.jpg?resize=1140%2C855&amp;ssl=1 1140w, https:\/\/i0.wp.com\/lesptitesbricolesdesophos.fr\/wp-content\/uploads\/2024\/04\/DSC00115.jpg?w=1632&amp;ssl=1 1632w\" sizes=\"auto, (max-width: 1020px) 100vw, 1020px\" \/><\/figure>\n\n\n\n<figure class=\"wp-block-image size-large\"><img data-recalc-dims=\"1\" loading=\"lazy\" decoding=\"async\" width=\"768\" height=\"1024\" data-id=\"247\" src=\"https:\/\/i0.wp.com\/lesptitesbricolesdesophos.fr\/wp-content\/uploads\/2024\/04\/DSC00119-768x1024.jpg?resize=768%2C1024&#038;ssl=1\" alt=\"Pour Thibault \/ 2006\" class=\"wp-image-247\" srcset=\"https:\/\/i0.wp.com\/lesptitesbricolesdesophos.fr\/wp-content\/uploads\/2024\/04\/DSC00119.jpg?resize=768%2C1024&amp;ssl=1 768w, https:\/\/i0.wp.com\/lesptitesbricolesdesophos.fr\/wp-content\/uploads\/2024\/04\/DSC00119.jpg?resize=225%2C300&amp;ssl=1 225w, https:\/\/i0.wp.com\/lesptitesbricolesdesophos.fr\/wp-content\/uploads\/2024\/04\/DSC00119.jpg?resize=1152%2C1536&amp;ssl=1 1152w, https:\/\/i0.wp.com\/lesptitesbricolesdesophos.fr\/wp-content\/uploads\/2024\/04\/DSC00119.jpg?resize=1140%2C1520&amp;ssl=1 1140w, https:\/\/i0.wp.com\/lesptitesbricolesdesophos.fr\/wp-content\/uploads\/2024\/04\/DSC00119.jpg?w=1224&amp;ssl=1 1224w\" sizes=\"auto, (max-width: 768px) 100vw, 768px\" \/><\/figure>\n\n\n\n<figure class=\"wp-block-image size-large\"><img data-recalc-dims=\"1\" loading=\"lazy\" decoding=\"async\" width=\"768\" height=\"1024\" data-id=\"244\" src=\"https:\/\/i0.wp.com\/lesptitesbricolesdesophos.fr\/wp-content\/uploads\/2024\/04\/DSC00120-768x1024.jpg?resize=768%2C1024&#038;ssl=1\" alt=\"Pour Cl\u00e9ment \/ 2006\" class=\"wp-image-244\" srcset=\"https:\/\/i0.wp.com\/lesptitesbricolesdesophos.fr\/wp-content\/uploads\/2024\/04\/DSC00120.jpg?resize=768%2C1024&amp;ssl=1 768w, https:\/\/i0.wp.com\/lesptitesbricolesdesophos.fr\/wp-content\/uploads\/2024\/04\/DSC00120.jpg?resize=225%2C300&amp;ssl=1 225w, https:\/\/i0.wp.com\/lesptitesbricolesdesophos.fr\/wp-content\/uploads\/2024\/04\/DSC00120.jpg?resize=1152%2C1536&amp;ssl=1 1152w, https:\/\/i0.wp.com\/lesptitesbricolesdesophos.fr\/wp-content\/uploads\/2024\/04\/DSC00120.jpg?resize=1140%2C1520&amp;ssl=1 1140w, https:\/\/i0.wp.com\/lesptitesbricolesdesophos.fr\/wp-content\/uploads\/2024\/04\/DSC00120.jpg?w=1224&amp;ssl=1 1224w\" sizes=\"auto, (max-width: 768px) 100vw, 768px\" \/><\/figure>\n\n\n\n<figure class=\"wp-block-image size-large\"><img data-recalc-dims=\"1\" loading=\"lazy\" decoding=\"async\" width=\"430\" height=\"569\" data-id=\"243\" src=\"https:\/\/i0.wp.com\/lesptitesbricolesdesophos.fr\/wp-content\/uploads\/2024\/04\/2003_nov_7.jpg?resize=430%2C569&#038;ssl=1\" alt=\"Pour Math\u00e9o, 2003\" class=\"wp-image-243\" srcset=\"https:\/\/i0.wp.com\/lesptitesbricolesdesophos.fr\/wp-content\/uploads\/2024\/04\/2003_nov_7.jpg?w=430&amp;ssl=1 430w, https:\/\/i0.wp.com\/lesptitesbricolesdesophos.fr\/wp-content\/uploads\/2024\/04\/2003_nov_7.jpg?resize=227%2C300&amp;ssl=1 227w\" sizes=\"auto, (max-width: 430px) 100vw, 430px\" \/><\/figure>\n<\/figure>\n","protected":false},"excerpt":{"rendered":"","protected":false},"author":1,"featured_media":0,"parent":163,"menu_order":2,"comment_status":"closed","ping_status":"closed","template":"","meta":{"jetpack_post_was_ever_published":false,"footnotes":""},"class_list":["post-241","page","type-page","status-publish","hentry"],"aioseo_notices":[],"jetpack_sharing_enabled":true,"_links":{"self":[{"href":"https:\/\/lesptitesbricolesdesophos.fr\/index.php\/wp-json\/wp\/v2\/pages\/241","targetHints":{"allow":["GET"]}}],"collection":[{"href":"https:\/\/lesptitesbricolesdesophos.fr\/index.php\/wp-json\/wp\/v2\/pages"}],"about":[{"href":"https:\/\/lesptitesbricolesdesophos.fr\/index.php\/wp-json\/wp\/v2\/types\/page"}],"author":[{"embeddable":true,"href":"https:\/\/lesptitesbricolesdesophos.fr\/index.php\/wp-json\/wp\/v2\/users\/1"}],"replies":[{"embeddable":true,"href":"https:\/\/lesptitesbricolesdesophos.fr\/index.php\/wp-json\/wp\/v2\/comments?post=241"}],"version-history":[{"count":4,"href":"https:\/\/lesptitesbricolesdesophos.fr\/index.php\/wp-json\/wp\/v2\/pages\/241\/revisions"}],"predecessor-version":[{"id":742,"href":"https:\/\/lesptitesbricolesdesophos.fr\/index.php\/wp-json\/wp\/v2\/pages\/241\/revisions\/742"}],"up":[{"embeddable":true,"href":"https:\/\/lesptitesbricolesdesophos.fr\/index.php\/wp-json\/wp\/v2\/pages\/163"}],"wp:attachment":[{"href":"https:\/\/lesptitesbricolesdesophos.fr\/index.php\/wp-json\/wp\/v2\/media?parent=241"}],"curies":[{"name":"wp","href":"https:\/\/api.w.org\/{rel}","templated":true}]}}