{"id":81,"date":"2024-03-28T18:44:21","date_gmt":"2024-03-28T17:44:21","guid":{"rendered":"https:\/\/lesptitesbricolesdesophos.fr\/?page_id=81"},"modified":"2024-04-10T21:16:14","modified_gmt":"2024-04-10T19:16:14","slug":"histoire-de-ce-site","status":"publish","type":"page","link":"https:\/\/lesptitesbricolesdesophos.fr\/index.php\/histoire-de-ce-site\/","title":{"rendered":"Histoire de ce site"},"content":{"rendered":"\n<p>Depuis des ann\u00e9es, je fabrique pour la famille, nos amis, coll\u00e8gues, des objets, des ensembles d\u2019objets pour des naissances ou d&rsquo;autres \u00e9v\u00e9nements. En couture et en broderie.<\/p>\n\n\n\n<p>Depuis des ann\u00e9es, trotte dans ma t\u00eate l\u2019envie de consacrer une partie de ma retraite \u00e0 la fabrication (artisanal) de projets  \u2026<\/p>\n\n\n\n<p>Bient\u00f4t la retraite \u2026 enfin, encore deux ans&nbsp;<\/p>\n\n\n\n<p>Mais, le projet d\u2019un blog pour montrer ce que j\u2019ai d\u00e9j\u00e0 r\u00e9alis\u00e9, pour vous donner des id\u00e9es, des envies \u2026 <\/p>\n\n\n\n<p>Cela me permettra de racheter des tissus, et de continuer &nbsp;\ud83d\ude09<\/p>\n\n\n\n<p>Ce blog est fait en avance, pour voir si cela peut plaire, si vous seriez partant(e)s\u00a0<\/p>\n\n\n\n<p>Enfin voila comment est n\u00e9 cette id\u00e9e, ce blog, cette envie \u2026 qui est rest\u00e9 bien au chaud depuis des ann\u00e9es, en attentant que cela se pr\u00e9cise \u2026 et que je d\u00e9marre\u00a0!<\/p>\n\n\n\n<p>Voila&nbsp;!<\/p>\n\n\n\n<p>Quand dites-vous&nbsp;? Etes-vous partant&nbsp;?<\/p>\n\n\n\n<p>A vous de jouer \u2026 tranquillement quand m\u00eame\u00a0!<\/p>\n","protected":false},"excerpt":{"rendered":"<p>Depuis des ann\u00e9es, je fabrique pour la famille, nos amis, coll\u00e8gues, des objets, des ensembles d\u2019objets pour des naissances ou d&rsquo;autres \u00e9v\u00e9nements. En couture et en broderie. Depuis des ann\u00e9es, trotte dans ma t\u00eate l\u2019envie de consacrer une partie de ma retraite \u00e0 la fabrication (artisanal) de projets \u2026 Bient\u00f4t la retraite \u2026 enfin, encore &hellip; <\/p>\n","protected":false},"author":1,"featured_media":7,"parent":0,"menu_order":1,"comment_status":"closed","ping_status":"closed","template":"","meta":{"jetpack_post_was_ever_published":false,"footnotes":""},"class_list":["post-81","page","type-page","status-publish","has-post-thumbnail","hentry"],"aioseo_notices":[],"jetpack_sharing_enabled":true,"_links":{"self":[{"href":"https:\/\/lesptitesbricolesdesophos.fr\/index.php\/wp-json\/wp\/v2\/pages\/81","targetHints":{"allow":["GET"]}}],"collection":[{"href":"https:\/\/lesptitesbricolesdesophos.fr\/index.php\/wp-json\/wp\/v2\/pages"}],"about":[{"href":"https:\/\/lesptitesbricolesdesophos.fr\/index.php\/wp-json\/wp\/v2\/types\/page"}],"author":[{"embeddable":true,"href":"https:\/\/lesptitesbricolesdesophos.fr\/index.php\/wp-json\/wp\/v2\/users\/1"}],"replies":[{"embeddable":true,"href":"https:\/\/lesptitesbricolesdesophos.fr\/index.php\/wp-json\/wp\/v2\/comments?post=81"}],"version-history":[{"count":2,"href":"https:\/\/lesptitesbricolesdesophos.fr\/index.php\/wp-json\/wp\/v2\/pages\/81\/revisions"}],"predecessor-version":[{"id":128,"href":"https:\/\/lesptitesbricolesdesophos.fr\/index.php\/wp-json\/wp\/v2\/pages\/81\/revisions\/128"}],"wp:featuredmedia":[{"embeddable":true,"href":"https:\/\/lesptitesbricolesdesophos.fr\/index.php\/wp-json\/wp\/v2\/media\/7"}],"wp:attachment":[{"href":"https:\/\/lesptitesbricolesdesophos.fr\/index.php\/wp-json\/wp\/v2\/media?parent=81"}],"curies":[{"name":"wp","href":"https:\/\/api.w.org\/{rel}","templated":true}]}}